{"id":29689,"date":"2025-11-26T10:41:54","date_gmt":"2025-11-26T10:41:54","guid":{"rendered":"https:\/\/mesdamesakbelles.com\/product\/premium-set-aus-pullover-hose-oversize-schmetterlingsschnitt-beige\/"},"modified":"2025-11-26T10:41:54","modified_gmt":"2025-11-26T10:41:54","slug":"premium-set-aus-pullover-hose-oversize-schmetterlingsschnitt-beige","status":"publish","type":"product","link":"https:\/\/mesdamesakbelles.com\/de\/produkt\/premium-set-aus-pullover-hose-oversize-schmetterlingsschnitt-beige\/","title":{"rendered":"Premium-Set aus Pullover &amp; Hose \u2013 Oversize-Schmetterlingsschnitt \u2013 Beige"},"content":{"rendered":"<p data-start=\"392\" data-end=\"765\">Entdecken Sie unser beiges Premium-Strickset, das f\u00fcr Eleganz, Komfort und schlichte Bedeckung entworfen wurde.<br data-start=\"513\" data-end=\"516\">Das Oberteil \u00fcberzeugt mit einem Oversize-Schmetterlingsschnitt, der f\u00fcr sch\u00f6ne Flie\u00dff\u00e4higkeit und eine moderne Ausstrahlung sorgt. Die enganliegenden gerippten \u00c4rmel verleihen eine strukturierte Note, w\u00e4hrend der optionale G\u00fcrtel die Taille betont und f\u00fcr einen eleganteren Look sorgt. <\/p>\n<p data-start=\"767\" data-end=\"976\">Die passende Hose, gerade geschnitten und bequem, rundet diesen Look perfekt ab.<br data-start=\"840\" data-end=\"843\">Ideal f\u00fcr entspannte Tage, die Arbeit oder Ausg\u00e4nge \u2013 dieses Set ist ein Must-have f\u00fcr ein modisch-schickes und zugleich trendiges, modisches Outfit.<\/p>\n<p data-start=\"978\" data-end=\"998\"><strong data-start=\"978\" data-end=\"996\">Highlights :<\/strong><\/p>\n<ul data-start=\"999\" data-end=\"1146\">\n<li data-start=\"999\" data-end=\"1030\">\n<p data-start=\"1001\" data-end=\"1030\">Weiche und angenehme Strickqualit\u00e4t<\/p>\n<\/li>\n<li data-start=\"1031\" data-end=\"1058\">\n<p data-start=\"1033\" data-end=\"1058\">Oversize-Schmetterlingsschnitt<\/p>\n<\/li>\n<li data-start=\"1059\" data-end=\"1085\">\n<p data-start=\"1061\" data-end=\"1085\">Passende gerade geschnittene Hose<\/p>\n<\/li>\n<li data-start=\"1086\" data-end=\"1113\">\n<p data-start=\"1088\" data-end=\"1113\">Moderner und bedeckender Look<\/p>\n<\/li>\n<li data-start=\"1114\" data-end=\"1146\">\n<p data-start=\"1116\" data-end=\"1146\">Perfekt f\u00fcr Herbst\/Winter<\/p>\n<\/li>\n<\/ul>\n","protected":false},"excerpt":{"rendered":"<p>Beiges Premium-Strickset mit Oversize-Schmetterlingsschnitt, ultra bequem und ideal f\u00fcr einen bedeckten und eleganten Look im Alltag.<\/p>\n","protected":false},"featured_media":29686,"comment_status":"open","ping_status":"closed","template":"","meta":[],"product_brand":[],"product_cat":[112,116],"product_tag":[],"class_list":{"0":"post-29689","1":"product","2":"type-product","3":"status-publish","4":"has-post-thumbnail","6":"product_cat-alle-unsere-artikel","7":"product_cat-unsere-sets","9":"first","10":"instock","11":"sale","12":"shipping-taxable","13":"purchasable","14":"product-type-simple"},"yoast_head":"<!-- This site is optimized with the Yoast SEO plugin v27.5 - https:\/\/yoast.com\/product\/yoast-seo-wordpress\/ -->\n<title>Premium-Set aus Pullover &amp; Hose \u2013 Oversize-Schmetterlingsschnitt \u2013 Beige - mesdamesakbelles.com<\/title>\n<meta name=\"robots\" content=\"index, follow, max-snippet:-1, max-image-preview:large, max-video-preview:-1\" \/>\n<link rel=\"canonical\" href=\"https:\/\/mesdamesakbelles.com\/de\/produkt\/premium-set-aus-pullover-hose-oversize-schmetterlingsschnitt-beige\/\" \/>\n<meta property=\"og:locale\" content=\"de_DE\" \/>\n<meta property=\"og:type\" content=\"article\" \/>\n<meta property=\"og:title\" content=\"Premium-Set aus Pullover &amp; Hose \u2013 Oversize-Schmetterlingsschnitt \u2013 Beige - mesdamesakbelles.com\" \/>\n<meta property=\"og:description\" content=\"Beiges Premium-Strickset mit Oversize-Schmetterlingsschnitt, ultra bequem und ideal f\u00fcr einen bedeckten und eleganten Look im Alltag.\" \/>\n<meta property=\"og:url\" content=\"https:\/\/mesdamesakbelles.com\/de\/produkt\/premium-set-aus-pullover-hose-oversize-schmetterlingsschnitt-beige\/\" \/>\n<meta property=\"og:site_name\" content=\"mesdamesakbelles.com\" \/>\n<meta property=\"og:image\" content=\"https:\/\/mesdamesakbelles.com\/wp-content\/uploads\/2025\/11\/WhatsApp-Image-2025-11-26-at-10.46.04-1.jpeg\" \/>\n\t<meta property=\"og:image:width\" content=\"1494\" \/>\n\t<meta property=\"og:image:height\" content=\"2048\" \/>\n\t<meta property=\"og:image:type\" content=\"image\/jpeg\" \/>\n<meta name=\"twitter:card\" content=\"summary_large_image\" \/>\n<meta name=\"twitter:label1\" content=\"Gesch\u00e4tzte Lesezeit\" \/>\n\t<meta name=\"twitter:data1\" content=\"1\u00a0Minute\" \/>\n<script type=\"application\/ld+json\" class=\"yoast-schema-graph\">{\"@context\":\"https:\\\/\\\/schema.org\",\"@graph\":[{\"@type\":\"WebPage\",\"@id\":\"https:\\\/\\\/mesdamesakbelles.com\\\/de\\\/produkt\\\/premium-set-aus-pullover-hose-oversize-schmetterlingsschnitt-beige\\\/\",\"url\":\"https:\\\/\\\/mesdamesakbelles.com\\\/de\\\/produkt\\\/premium-set-aus-pullover-hose-oversize-schmetterlingsschnitt-beige\\\/\",\"name\":\"Premium-Set aus Pullover &amp; Hose \u2013 Oversize-Schmetterlingsschnitt \u2013 Beige - mesdamesakbelles.com\",\"isPartOf\":{\"@id\":\"https:\\\/\\\/mesdamesakbelles.com\\\/#website\"},\"primaryImageOfPage\":{\"@id\":\"https:\\\/\\\/mesdamesakbelles.com\\\/de\\\/produkt\\\/premium-set-aus-pullover-hose-oversize-schmetterlingsschnitt-beige\\\/#primaryimage\"},\"image\":{\"@id\":\"https:\\\/\\\/mesdamesakbelles.com\\\/de\\\/produkt\\\/premium-set-aus-pullover-hose-oversize-schmetterlingsschnitt-beige\\\/#primaryimage\"},\"thumbnailUrl\":\"https:\\\/\\\/mesdamesakbelles.com\\\/wp-content\\\/uploads\\\/2025\\\/11\\\/WhatsApp-Image-2025-11-26-at-10.46.04-1.jpeg\",\"datePublished\":\"2025-11-26T10:41:54+00:00\",\"breadcrumb\":{\"@id\":\"https:\\\/\\\/mesdamesakbelles.com\\\/de\\\/produkt\\\/premium-set-aus-pullover-hose-oversize-schmetterlingsschnitt-beige\\\/#breadcrumb\"},\"inLanguage\":\"de\",\"potentialAction\":[{\"@type\":\"ReadAction\",\"target\":[\"https:\\\/\\\/mesdamesakbelles.com\\\/de\\\/produkt\\\/premium-set-aus-pullover-hose-oversize-schmetterlingsschnitt-beige\\\/\"]}]},{\"@type\":\"ImageObject\",\"inLanguage\":\"de\",\"@id\":\"https:\\\/\\\/mesdamesakbelles.com\\\/de\\\/produkt\\\/premium-set-aus-pullover-hose-oversize-schmetterlingsschnitt-beige\\\/#primaryimage\",\"url\":\"https:\\\/\\\/mesdamesakbelles.com\\\/wp-content\\\/uploads\\\/2025\\\/11\\\/WhatsApp-Image-2025-11-26-at-10.46.04-1.jpeg\",\"contentUrl\":\"https:\\\/\\\/mesdamesakbelles.com\\\/wp-content\\\/uploads\\\/2025\\\/11\\\/WhatsApp-Image-2025-11-26-at-10.46.04-1.jpeg\",\"width\":1494,\"height\":2048,\"caption\":\"Graues Oversize-Strickset, zweiteilig im schicken und komfortablen Stil.\"},{\"@type\":\"BreadcrumbList\",\"@id\":\"https:\\\/\\\/mesdamesakbelles.com\\\/de\\\/produkt\\\/premium-set-aus-pullover-hose-oversize-schmetterlingsschnitt-beige\\\/#breadcrumb\",\"itemListElement\":[{\"@type\":\"ListItem\",\"position\":1,\"name\":\"Accueil\",\"item\":\"https:\\\/\\\/mesdamesakbelles.com\\\/de\\\/eleganz-in-voller-bescheidenheit\\\/\"},{\"@type\":\"ListItem\",\"position\":2,\"name\":\"Shop\",\"item\":\"https:\\\/\\\/mesdamesakbelles.com\\\/de\\\/shop\\\/\"},{\"@type\":\"ListItem\",\"position\":3,\"name\":\"Premium-Set aus Pullover &amp; Hose \u2013 Oversize-Schmetterlingsschnitt \u2013 Beige\"}]},{\"@type\":\"WebSite\",\"@id\":\"https:\\\/\\\/mesdamesakbelles.com\\\/#website\",\"url\":\"https:\\\/\\\/mesdamesakbelles.com\\\/\",\"name\":\"mesdamesakbelles.com\",\"description\":\"\",\"potentialAction\":[{\"@type\":\"SearchAction\",\"target\":{\"@type\":\"EntryPoint\",\"urlTemplate\":\"https:\\\/\\\/mesdamesakbelles.com\\\/?s={search_term_string}\"},\"query-input\":{\"@type\":\"PropertyValueSpecification\",\"valueRequired\":true,\"valueName\":\"search_term_string\"}}],\"inLanguage\":\"de\"}]}<\/script>\n<!-- \/ Yoast SEO plugin. -->","yoast_head_json":{"title":"Premium-Set aus Pullover &amp; Hose \u2013 Oversize-Schmetterlingsschnitt \u2013 Beige - mesdamesakbelles.com","robots":{"index":"index","follow":"follow","max-snippet":"max-snippet:-1","max-image-preview":"max-image-preview:large","max-video-preview":"max-video-preview:-1"},"canonical":"https:\/\/mesdamesakbelles.com\/de\/produkt\/premium-set-aus-pullover-hose-oversize-schmetterlingsschnitt-beige\/","og_locale":"de_DE","og_type":"article","og_title":"Premium-Set aus Pullover &amp; Hose \u2013 Oversize-Schmetterlingsschnitt \u2013 Beige - mesdamesakbelles.com","og_description":"Beiges Premium-Strickset mit Oversize-Schmetterlingsschnitt, ultra bequem und ideal f\u00fcr einen bedeckten und eleganten Look im Alltag.","og_url":"https:\/\/mesdamesakbelles.com\/de\/produkt\/premium-set-aus-pullover-hose-oversize-schmetterlingsschnitt-beige\/","og_site_name":"mesdamesakbelles.com","og_image":[{"width":1494,"height":2048,"url":"https:\/\/mesdamesakbelles.com\/wp-content\/uploads\/2025\/11\/WhatsApp-Image-2025-11-26-at-10.46.04-1.jpeg","type":"image\/jpeg"}],"twitter_card":"summary_large_image","twitter_misc":{"Gesch\u00e4tzte Lesezeit":"1\u00a0Minute"},"schema":{"@context":"https:\/\/schema.org","@graph":[{"@type":"WebPage","@id":"https:\/\/mesdamesakbelles.com\/de\/produkt\/premium-set-aus-pullover-hose-oversize-schmetterlingsschnitt-beige\/","url":"https:\/\/mesdamesakbelles.com\/de\/produkt\/premium-set-aus-pullover-hose-oversize-schmetterlingsschnitt-beige\/","name":"Premium-Set aus Pullover &amp; Hose \u2013 Oversize-Schmetterlingsschnitt \u2013 Beige - mesdamesakbelles.com","isPartOf":{"@id":"https:\/\/mesdamesakbelles.com\/#website"},"primaryImageOfPage":{"@id":"https:\/\/mesdamesakbelles.com\/de\/produkt\/premium-set-aus-pullover-hose-oversize-schmetterlingsschnitt-beige\/#primaryimage"},"image":{"@id":"https:\/\/mesdamesakbelles.com\/de\/produkt\/premium-set-aus-pullover-hose-oversize-schmetterlingsschnitt-beige\/#primaryimage"},"thumbnailUrl":"https:\/\/mesdamesakbelles.com\/wp-content\/uploads\/2025\/11\/WhatsApp-Image-2025-11-26-at-10.46.04-1.jpeg","datePublished":"2025-11-26T10:41:54+00:00","breadcrumb":{"@id":"https:\/\/mesdamesakbelles.com\/de\/produkt\/premium-set-aus-pullover-hose-oversize-schmetterlingsschnitt-beige\/#breadcrumb"},"inLanguage":"de","potentialAction":[{"@type":"ReadAction","target":["https:\/\/mesdamesakbelles.com\/de\/produkt\/premium-set-aus-pullover-hose-oversize-schmetterlingsschnitt-beige\/"]}]},{"@type":"ImageObject","inLanguage":"de","@id":"https:\/\/mesdamesakbelles.com\/de\/produkt\/premium-set-aus-pullover-hose-oversize-schmetterlingsschnitt-beige\/#primaryimage","url":"https:\/\/mesdamesakbelles.com\/wp-content\/uploads\/2025\/11\/WhatsApp-Image-2025-11-26-at-10.46.04-1.jpeg","contentUrl":"https:\/\/mesdamesakbelles.com\/wp-content\/uploads\/2025\/11\/WhatsApp-Image-2025-11-26-at-10.46.04-1.jpeg","width":1494,"height":2048,"caption":"Graues Oversize-Strickset, zweiteilig im schicken und komfortablen Stil."},{"@type":"BreadcrumbList","@id":"https:\/\/mesdamesakbelles.com\/de\/produkt\/premium-set-aus-pullover-hose-oversize-schmetterlingsschnitt-beige\/#breadcrumb","itemListElement":[{"@type":"ListItem","position":1,"name":"Accueil","item":"https:\/\/mesdamesakbelles.com\/de\/eleganz-in-voller-bescheidenheit\/"},{"@type":"ListItem","position":2,"name":"Shop","item":"https:\/\/mesdamesakbelles.com\/de\/shop\/"},{"@type":"ListItem","position":3,"name":"Premium-Set aus Pullover &amp; Hose \u2013 Oversize-Schmetterlingsschnitt \u2013 Beige"}]},{"@type":"WebSite","@id":"https:\/\/mesdamesakbelles.com\/#website","url":"https:\/\/mesdamesakbelles.com\/","name":"mesdamesakbelles.com","description":"","potentialAction":[{"@type":"SearchAction","target":{"@type":"EntryPoint","urlTemplate":"https:\/\/mesdamesakbelles.com\/?s={search_term_string}"},"query-input":{"@type":"PropertyValueSpecification","valueRequired":true,"valueName":"search_term_string"}}],"inLanguage":"de"}]}},"jetpack_sharing_enabled":true,"_links":{"self":[{"href":"https:\/\/mesdamesakbelles.com\/de\/wp-json\/wp\/v2\/product\/29689","targetHints":{"allow":["GET"]}}],"collection":[{"href":"https:\/\/mesdamesakbelles.com\/de\/wp-json\/wp\/v2\/product"}],"about":[{"href":"https:\/\/mesdamesakbelles.com\/de\/wp-json\/wp\/v2\/types\/product"}],"replies":[{"embeddable":true,"href":"https:\/\/mesdamesakbelles.com\/de\/wp-json\/wp\/v2\/comments?post=29689"}],"version-history":[{"count":0,"href":"https:\/\/mesdamesakbelles.com\/de\/wp-json\/wp\/v2\/product\/29689\/revisions"}],"wp:featuredmedia":[{"embeddable":true,"href":"https:\/\/mesdamesakbelles.com\/de\/wp-json\/wp\/v2\/media\/29686"}],"wp:attachment":[{"href":"https:\/\/mesdamesakbelles.com\/de\/wp-json\/wp\/v2\/media?parent=29689"}],"wp:term":[{"taxonomy":"product_brand","embeddable":true,"href":"https:\/\/mesdamesakbelles.com\/de\/wp-json\/wp\/v2\/product_brand?post=29689"},{"taxonomy":"product_cat","embeddable":true,"href":"https:\/\/mesdamesakbelles.com\/de\/wp-json\/wp\/v2\/product_cat?post=29689"},{"taxonomy":"product_tag","embeddable":true,"href":"https:\/\/mesdamesakbelles.com\/de\/wp-json\/wp\/v2\/product_tag?post=29689"}],"curies":[{"name":"wp","href":"https:\/\/api.w.org\/{rel}","templated":true}]}}