{"id":29679,"date":"2025-11-26T11:00:00","date_gmt":"2025-11-26T11:00:00","guid":{"rendered":"https:\/\/mesdamesakbelles.com\/product\/weite-bordeauxhose-eleganter-ausgestellter-schnitt-modest-stil\/"},"modified":"2025-11-26T11:00:00","modified_gmt":"2025-11-26T11:00:00","slug":"weite-bordeauxhose-eleganter-ausgestellter-schnitt-modest-stil","status":"publish","type":"product","link":"https:\/\/mesdamesakbelles.com\/de\/produkt\/weite-bordeauxhose-eleganter-ausgestellter-schnitt-modest-stil\/","title":{"rendered":"Weite Bordeauxhose \u2013 Eleganter Ausgestellter Schnitt &amp; Modest-Stil"},"content":{"rendered":"<p data-start=\"355\" data-end=\"808\">Entscheiden Sie sich f\u00fcr einen schicken und bequemen Look mit dieser weiten Bordeauxhose, entworfen f\u00fcr Frauen, die Eleganz und einen dezenten Stil suchen. Ihr flie\u00dfender Schnitt streckt die Silhouette und bietet gleichzeitig perfekten Komfort im Alltag. Mit ihrem geraden Fall und dem weichen Stoff eignet sie sich sowohl f\u00fcr besondere Anl\u00e4sse als auch f\u00fcr Tage, an denen Sie kompromisslos stilvoll bleiben m\u00f6chten.<br data-start=\"733\" data-end=\"736\">Ein modernes, raffiniertes und vielseitig kombinierbares Garderoben-Essential.  <\/p>\n<ul data-start=\"873\" data-end=\"1231\">\n<li data-start=\"873\" data-end=\"927\">\n<p data-start=\"875\" data-end=\"927\">Weiter, flie\u00dfender Schnitt, ideal f\u00fcr einen Modest-Look<\/p>\n<\/li>\n<li data-start=\"928\" data-end=\"969\">\n<p data-start=\"930\" data-end=\"969\">Tiefe und elegante Bordeauxfarbe<\/p>\n<\/li>\n<li data-start=\"970\" data-end=\"1022\">\n<p data-start=\"972\" data-end=\"1022\">Bequemer Bund, ideal f\u00fcr den t\u00e4glichen Gebrauch<\/p>\n<\/li>\n<li data-start=\"1023\" data-end=\"1055\">\n<p data-start=\"1025\" data-end=\"1055\">Weicher Stoff mit sch\u00f6nem Fall<\/p>\n<\/li>\n<li data-start=\"1056\" data-end=\"1104\">\n<p data-start=\"1058\" data-end=\"1104\">Perfekte L\u00e4nge, um die Silhouette zu strecken<\/p>\n<\/li>\n<li data-start=\"1105\" data-end=\"1170\">\n<p data-start=\"1107\" data-end=\"1170\">Vielseitig: B\u00fcro, Ausgehen, Anl\u00e4sse, Hijab-freundliche Looks<\/p>\n<\/li>\n<li data-start=\"1171\" data-end=\"1231\">\n<p data-start=\"1173\" data-end=\"1231\">L\u00e4sst sich leicht mit Blazer, Kimono oder flie\u00dfender Bluse kombinieren<\/p>\n<\/li>\n<\/ul>\n","protected":false},"excerpt":{"rendered":"<p>Weite, flie\u00dfende Bordeauxhose, ausgestellter Schnitt, ideal f\u00fcr einen <strong data-start=\"1838\" data-end=\"1854\">modest-schicken<\/strong> Alltagslook.<\/p>\n","protected":false},"featured_media":29583,"comment_status":"open","ping_status":"closed","template":"","meta":[],"product_brand":[],"product_cat":[112,111],"product_tag":[],"class_list":{"0":"post-29679","1":"product","2":"type-product","3":"status-publish","4":"has-post-thumbnail","6":"product_cat-alle-unsere-artikel","7":"product_cat-hosen","9":"first","10":"instock","11":"shipping-taxable","12":"purchasable","13":"product-type-variable"},"yoast_head":"<!-- This site is optimized with the Yoast SEO plugin v27.5 - https:\/\/yoast.com\/product\/yoast-seo-wordpress\/ -->\n<title>Weite Bordeauxhose \u2013 Eleganter Ausgestellter Schnitt &amp; Modest-Stil - mesdamesakbelles.com<\/title>\n<meta name=\"robots\" content=\"index, follow, max-snippet:-1, max-image-preview:large, max-video-preview:-1\" \/>\n<link rel=\"canonical\" href=\"https:\/\/mesdamesakbelles.com\/de\/produkt\/weite-bordeauxhose-eleganter-ausgestellter-schnitt-modest-stil\/\" \/>\n<meta property=\"og:locale\" content=\"de_DE\" \/>\n<meta property=\"og:type\" content=\"article\" \/>\n<meta property=\"og:title\" content=\"Weite Bordeauxhose \u2013 Eleganter Ausgestellter Schnitt &amp; Modest-Stil - mesdamesakbelles.com\" \/>\n<meta property=\"og:description\" content=\"Weite, flie\u00dfende Bordeauxhose, ausgestellter Schnitt, ideal f\u00fcr einen modest-schicken Alltagslook.\" \/>\n<meta property=\"og:url\" content=\"https:\/\/mesdamesakbelles.com\/de\/produkt\/weite-bordeauxhose-eleganter-ausgestellter-schnitt-modest-stil\/\" \/>\n<meta property=\"og:site_name\" content=\"mesdamesakbelles.com\" \/>\n<meta property=\"og:image\" content=\"https:\/\/mesdamesakbelles.com\/wp-content\/uploads\/2025\/11\/WhatsApp-Image-2025-11-26-at-10.44.09-2.jpeg\" \/>\n\t<meta property=\"og:image:width\" content=\"1146\" \/>\n\t<meta property=\"og:image:height\" content=\"2048\" \/>\n\t<meta property=\"og:image:type\" content=\"image\/jpeg\" \/>\n<meta name=\"twitter:card\" content=\"summary_large_image\" \/>\n<meta name=\"twitter:label1\" content=\"Gesch\u00e4tzte Lesezeit\" \/>\n\t<meta name=\"twitter:data1\" content=\"1\u00a0Minute\" \/>\n<script type=\"application\/ld+json\" class=\"yoast-schema-graph\">{\"@context\":\"https:\\\/\\\/schema.org\",\"@graph\":[{\"@type\":\"WebPage\",\"@id\":\"https:\\\/\\\/mesdamesakbelles.com\\\/de\\\/produkt\\\/weite-bordeauxhose-eleganter-ausgestellter-schnitt-modest-stil\\\/\",\"url\":\"https:\\\/\\\/mesdamesakbelles.com\\\/de\\\/produkt\\\/weite-bordeauxhose-eleganter-ausgestellter-schnitt-modest-stil\\\/\",\"name\":\"Weite Bordeauxhose \u2013 Eleganter Ausgestellter Schnitt &amp; Modest-Stil - mesdamesakbelles.com\",\"isPartOf\":{\"@id\":\"https:\\\/\\\/mesdamesakbelles.com\\\/#website\"},\"primaryImageOfPage\":{\"@id\":\"https:\\\/\\\/mesdamesakbelles.com\\\/de\\\/produkt\\\/weite-bordeauxhose-eleganter-ausgestellter-schnitt-modest-stil\\\/#primaryimage\"},\"image\":{\"@id\":\"https:\\\/\\\/mesdamesakbelles.com\\\/de\\\/produkt\\\/weite-bordeauxhose-eleganter-ausgestellter-schnitt-modest-stil\\\/#primaryimage\"},\"thumbnailUrl\":\"https:\\\/\\\/mesdamesakbelles.com\\\/wp-content\\\/uploads\\\/2025\\\/11\\\/WhatsApp-Image-2025-11-26-at-10.44.09-2.jpeg\",\"datePublished\":\"2025-11-26T11:00:00+00:00\",\"breadcrumb\":{\"@id\":\"https:\\\/\\\/mesdamesakbelles.com\\\/de\\\/produkt\\\/weite-bordeauxhose-eleganter-ausgestellter-schnitt-modest-stil\\\/#breadcrumb\"},\"inLanguage\":\"de\",\"potentialAction\":[{\"@type\":\"ReadAction\",\"target\":[\"https:\\\/\\\/mesdamesakbelles.com\\\/de\\\/produkt\\\/weite-bordeauxhose-eleganter-ausgestellter-schnitt-modest-stil\\\/\"]}]},{\"@type\":\"ImageObject\",\"inLanguage\":\"de\",\"@id\":\"https:\\\/\\\/mesdamesakbelles.com\\\/de\\\/produkt\\\/weite-bordeauxhose-eleganter-ausgestellter-schnitt-modest-stil\\\/#primaryimage\",\"url\":\"https:\\\/\\\/mesdamesakbelles.com\\\/wp-content\\\/uploads\\\/2025\\\/11\\\/WhatsApp-Image-2025-11-26-at-10.44.09-2.jpeg\",\"contentUrl\":\"https:\\\/\\\/mesdamesakbelles.com\\\/wp-content\\\/uploads\\\/2025\\\/11\\\/WhatsApp-Image-2025-11-26-at-10.44.09-2.jpeg\",\"width\":1146,\"height\":2048,\"caption\":\"Weite, flie\u00dfende Bordeauxhose, getragen mit einem passenden Blazer.\"},{\"@type\":\"BreadcrumbList\",\"@id\":\"https:\\\/\\\/mesdamesakbelles.com\\\/de\\\/produkt\\\/weite-bordeauxhose-eleganter-ausgestellter-schnitt-modest-stil\\\/#breadcrumb\",\"itemListElement\":[{\"@type\":\"ListItem\",\"position\":1,\"name\":\"Accueil\",\"item\":\"https:\\\/\\\/mesdamesakbelles.com\\\/de\\\/eleganz-in-voller-bescheidenheit\\\/\"},{\"@type\":\"ListItem\",\"position\":2,\"name\":\"Shop\",\"item\":\"https:\\\/\\\/mesdamesakbelles.com\\\/de\\\/shop\\\/\"},{\"@type\":\"ListItem\",\"position\":3,\"name\":\"Weite Bordeauxhose \u2013 Eleganter Ausgestellter Schnitt &amp; Modest-Stil\"}]},{\"@type\":\"WebSite\",\"@id\":\"https:\\\/\\\/mesdamesakbelles.com\\\/#website\",\"url\":\"https:\\\/\\\/mesdamesakbelles.com\\\/\",\"name\":\"mesdamesakbelles.com\",\"description\":\"\",\"potentialAction\":[{\"@type\":\"SearchAction\",\"target\":{\"@type\":\"EntryPoint\",\"urlTemplate\":\"https:\\\/\\\/mesdamesakbelles.com\\\/?s={search_term_string}\"},\"query-input\":{\"@type\":\"PropertyValueSpecification\",\"valueRequired\":true,\"valueName\":\"search_term_string\"}}],\"inLanguage\":\"de\"}]}<\/script>\n<!-- \/ Yoast SEO plugin. -->","yoast_head_json":{"title":"Weite Bordeauxhose \u2013 Eleganter Ausgestellter Schnitt &amp; Modest-Stil - mesdamesakbelles.com","robots":{"index":"index","follow":"follow","max-snippet":"max-snippet:-1","max-image-preview":"max-image-preview:large","max-video-preview":"max-video-preview:-1"},"canonical":"https:\/\/mesdamesakbelles.com\/de\/produkt\/weite-bordeauxhose-eleganter-ausgestellter-schnitt-modest-stil\/","og_locale":"de_DE","og_type":"article","og_title":"Weite Bordeauxhose \u2013 Eleganter Ausgestellter Schnitt &amp; Modest-Stil - mesdamesakbelles.com","og_description":"Weite, flie\u00dfende Bordeauxhose, ausgestellter Schnitt, ideal f\u00fcr einen modest-schicken Alltagslook.","og_url":"https:\/\/mesdamesakbelles.com\/de\/produkt\/weite-bordeauxhose-eleganter-ausgestellter-schnitt-modest-stil\/","og_site_name":"mesdamesakbelles.com","og_image":[{"width":1146,"height":2048,"url":"https:\/\/mesdamesakbelles.com\/wp-content\/uploads\/2025\/11\/WhatsApp-Image-2025-11-26-at-10.44.09-2.jpeg","type":"image\/jpeg"}],"twitter_card":"summary_large_image","twitter_misc":{"Gesch\u00e4tzte Lesezeit":"1\u00a0Minute"},"schema":{"@context":"https:\/\/schema.org","@graph":[{"@type":"WebPage","@id":"https:\/\/mesdamesakbelles.com\/de\/produkt\/weite-bordeauxhose-eleganter-ausgestellter-schnitt-modest-stil\/","url":"https:\/\/mesdamesakbelles.com\/de\/produkt\/weite-bordeauxhose-eleganter-ausgestellter-schnitt-modest-stil\/","name":"Weite Bordeauxhose \u2013 Eleganter Ausgestellter Schnitt &amp; Modest-Stil - mesdamesakbelles.com","isPartOf":{"@id":"https:\/\/mesdamesakbelles.com\/#website"},"primaryImageOfPage":{"@id":"https:\/\/mesdamesakbelles.com\/de\/produkt\/weite-bordeauxhose-eleganter-ausgestellter-schnitt-modest-stil\/#primaryimage"},"image":{"@id":"https:\/\/mesdamesakbelles.com\/de\/produkt\/weite-bordeauxhose-eleganter-ausgestellter-schnitt-modest-stil\/#primaryimage"},"thumbnailUrl":"https:\/\/mesdamesakbelles.com\/wp-content\/uploads\/2025\/11\/WhatsApp-Image-2025-11-26-at-10.44.09-2.jpeg","datePublished":"2025-11-26T11:00:00+00:00","breadcrumb":{"@id":"https:\/\/mesdamesakbelles.com\/de\/produkt\/weite-bordeauxhose-eleganter-ausgestellter-schnitt-modest-stil\/#breadcrumb"},"inLanguage":"de","potentialAction":[{"@type":"ReadAction","target":["https:\/\/mesdamesakbelles.com\/de\/produkt\/weite-bordeauxhose-eleganter-ausgestellter-schnitt-modest-stil\/"]}]},{"@type":"ImageObject","inLanguage":"de","@id":"https:\/\/mesdamesakbelles.com\/de\/produkt\/weite-bordeauxhose-eleganter-ausgestellter-schnitt-modest-stil\/#primaryimage","url":"https:\/\/mesdamesakbelles.com\/wp-content\/uploads\/2025\/11\/WhatsApp-Image-2025-11-26-at-10.44.09-2.jpeg","contentUrl":"https:\/\/mesdamesakbelles.com\/wp-content\/uploads\/2025\/11\/WhatsApp-Image-2025-11-26-at-10.44.09-2.jpeg","width":1146,"height":2048,"caption":"Weite, flie\u00dfende Bordeauxhose, getragen mit einem passenden Blazer."},{"@type":"BreadcrumbList","@id":"https:\/\/mesdamesakbelles.com\/de\/produkt\/weite-bordeauxhose-eleganter-ausgestellter-schnitt-modest-stil\/#breadcrumb","itemListElement":[{"@type":"ListItem","position":1,"name":"Accueil","item":"https:\/\/mesdamesakbelles.com\/de\/eleganz-in-voller-bescheidenheit\/"},{"@type":"ListItem","position":2,"name":"Shop","item":"https:\/\/mesdamesakbelles.com\/de\/shop\/"},{"@type":"ListItem","position":3,"name":"Weite Bordeauxhose \u2013 Eleganter Ausgestellter Schnitt &amp; Modest-Stil"}]},{"@type":"WebSite","@id":"https:\/\/mesdamesakbelles.com\/#website","url":"https:\/\/mesdamesakbelles.com\/","name":"mesdamesakbelles.com","description":"","potentialAction":[{"@type":"SearchAction","target":{"@type":"EntryPoint","urlTemplate":"https:\/\/mesdamesakbelles.com\/?s={search_term_string}"},"query-input":{"@type":"PropertyValueSpecification","valueRequired":true,"valueName":"search_term_string"}}],"inLanguage":"de"}]}},"jetpack_sharing_enabled":true,"_links":{"self":[{"href":"https:\/\/mesdamesakbelles.com\/de\/wp-json\/wp\/v2\/product\/29679","targetHints":{"allow":["GET"]}}],"collection":[{"href":"https:\/\/mesdamesakbelles.com\/de\/wp-json\/wp\/v2\/product"}],"about":[{"href":"https:\/\/mesdamesakbelles.com\/de\/wp-json\/wp\/v2\/types\/product"}],"replies":[{"embeddable":true,"href":"https:\/\/mesdamesakbelles.com\/de\/wp-json\/wp\/v2\/comments?post=29679"}],"version-history":[{"count":0,"href":"https:\/\/mesdamesakbelles.com\/de\/wp-json\/wp\/v2\/product\/29679\/revisions"}],"wp:featuredmedia":[{"embeddable":true,"href":"https:\/\/mesdamesakbelles.com\/de\/wp-json\/wp\/v2\/media\/29583"}],"wp:attachment":[{"href":"https:\/\/mesdamesakbelles.com\/de\/wp-json\/wp\/v2\/media?parent=29679"}],"wp:term":[{"taxonomy":"product_brand","embeddable":true,"href":"https:\/\/mesdamesakbelles.com\/de\/wp-json\/wp\/v2\/product_brand?post=29679"},{"taxonomy":"product_cat","embeddable":true,"href":"https:\/\/mesdamesakbelles.com\/de\/wp-json\/wp\/v2\/product_cat?post=29679"},{"taxonomy":"product_tag","embeddable":true,"href":"https:\/\/mesdamesakbelles.com\/de\/wp-json\/wp\/v2\/product_tag?post=29679"}],"curies":[{"name":"wp","href":"https:\/\/api.w.org\/{rel}","templated":true}]}}