{"id":29755,"date":"2025-11-17T08:52:24","date_gmt":"2025-11-17T08:52:24","guid":{"rendered":"https:\/\/mesdamesakbelles.com\/impressum-mesdamesakbelles-com\/"},"modified":"2025-12-29T14:45:23","modified_gmt":"2025-12-29T14:45:23","slug":"impressum-mesdamesakbelles-com","status":"publish","type":"page","link":"https:\/\/mesdamesakbelles.com\/de\/impressum-mesdamesakbelles-com\/","title":{"rendered":"IMPRESSUM \u2013 mesdamesakbelles.com"},"content":{"rendered":"\n<h2 class=\"wp-block-heading\"><em>(G\u00fcltige Fassung ab dem 17.11.2025)<\/em><\/h2>\n\n<h2 class=\"wp-block-heading\">Website-Betreiber:<\/h2>\n\n<p>Mesdames Akbelles<\/p>\n\n<p>Vereinfachte Aktiengesellschaft (SAS) mit einem Stammkapital von 500 \u20ac<\/p>\n\n<p>Firmensitz: 68200 M\u00fclhausen, Frankreich<\/p>\n\n<p>E-Mail: mesdamesakbelles@gmail.com<\/p>\n\n<p>SIRET: wird erg\u00e4nzt<\/p>\n\n<p>Umsatzsteuer-Identifikationsnummer (EU): wird erg\u00e4nzt<\/p>\n\n<p>Verantwortlich f\u00fcr die Ver\u00f6ffentlichung:<\/p>\n\n<p>Aysegul \u2013 Pr\u00e4sident von Mesdames Akbelles<\/p>\n\n<p>Hosting:<\/p>\n\n<p>HOSTINGER INTERNATIONAL LTD<\/p>\n\n<p>61 Lordou Vironos Street, 6023 Larnaca, Chypre<\/p>\n\n<p>Website : www.hostinger.com<\/p>\n\n<p>T\u00e4tigkeit der Website:<\/p>\n\n<p>Online-Verkauf von modischer, bedeckender Damenbekleidung.<\/p>\n\n<p>Geistiges Eigentum:<\/p>\n\n<p>Alle Elemente der Website (Texte, Fotos, Bilder, Videos, Logos, Design) sind ausschlie\u00dfliches Eigentum von Mesdames Akbelles oder unterliegen einer Nutzungslizenz.<\/p>\n\n<p>Jede Vervielf\u00e4ltigung, Darstellung oder Nutzung ohne schriftliche Genehmigung ist strengstens untersagt.<\/p>\n\n<p>Haftung:<\/p>\n\n<p>Mesdames Akbelles bem\u00fcht sich, die Richtigkeit der ver\u00f6ffentlichten Informationen sicherzustellen, kann jedoch keine vollst\u00e4ndige Fehlerfreiheit garantieren.<\/p>\n\n<p>Der Betreiber haftet nicht f\u00fcr Serviceunterbrechungen, technische St\u00f6rungen oder indirekte Sch\u00e4den im Zusammenhang mit der Nutzung der Website.<\/p>\n\n<p>Externe Links:<\/p>\n\n<p>Die Website kann Links zu externen Websites Dritter enthalten. Mesdames Akbelles \u00fcbernimmt keine Verantwortung f\u00fcr Inhalte oder Funktionsweise dieser Websites.<\/p>\n","protected":false},"excerpt":{"rendered":"<p>(G\u00fcltige Fassung ab dem 17.11.2025) Website-Betreiber: Mesdames Akbelles Vereinfachte Aktiengesellschaft (SAS) mit einem Stammkapital von 500 \u20ac Firmensitz: 68200 M\u00fclhausen,<\/p>\n","protected":false},"author":1,"featured_media":0,"parent":0,"menu_order":0,"comment_status":"closed","ping_status":"closed","template":"","meta":{"footnotes":""},"class_list":["post-29755","page","type-page","status-publish","hentry"],"yoast_head":"<!-- This site is optimized with the Yoast SEO plugin v27.5 - https:\/\/yoast.com\/product\/yoast-seo-wordpress\/ -->\n<title>IMPRESSUM \u2013 mesdamesakbelles.com - mesdamesakbelles.com<\/title>\n<meta name=\"robots\" content=\"index, follow, max-snippet:-1, max-image-preview:large, max-video-preview:-1\" \/>\n<link rel=\"canonical\" href=\"https:\/\/mesdamesakbelles.com\/de\/impressum-mesdamesakbelles-com\/\" \/>\n<meta property=\"og:locale\" content=\"de_DE\" \/>\n<meta property=\"og:type\" content=\"article\" \/>\n<meta property=\"og:title\" content=\"IMPRESSUM \u2013 mesdamesakbelles.com - mesdamesakbelles.com\" \/>\n<meta property=\"og:description\" content=\"(G\u00fcltige Fassung ab dem 17.11.2025) Website-Betreiber: Mesdames Akbelles Vereinfachte Aktiengesellschaft (SAS) mit einem Stammkapital von 500 \u20ac Firmensitz: 68200 M\u00fclhausen,\" \/>\n<meta property=\"og:url\" content=\"https:\/\/mesdamesakbelles.com\/de\/impressum-mesdamesakbelles-com\/\" \/>\n<meta property=\"og:site_name\" content=\"mesdamesakbelles.com\" \/>\n<meta property=\"article:modified_time\" content=\"2025-12-29T14:45:23+00:00\" \/>\n<meta name=\"twitter:card\" content=\"summary_large_image\" \/>\n<meta name=\"twitter:label1\" content=\"Gesch\u00e4tzte Lesezeit\" \/>\n\t<meta name=\"twitter:data1\" content=\"1\u00a0Minute\" \/>\n<script type=\"application\/ld+json\" class=\"yoast-schema-graph\">{\"@context\":\"https:\\\/\\\/schema.org\",\"@graph\":[{\"@type\":\"WebPage\",\"@id\":\"https:\\\/\\\/mesdamesakbelles.com\\\/de\\\/impressum-mesdamesakbelles-com\\\/\",\"url\":\"https:\\\/\\\/mesdamesakbelles.com\\\/de\\\/impressum-mesdamesakbelles-com\\\/\",\"name\":\"IMPRESSUM \u2013 mesdamesakbelles.com - mesdamesakbelles.com\",\"isPartOf\":{\"@id\":\"https:\\\/\\\/mesdamesakbelles.com\\\/#website\"},\"datePublished\":\"2025-11-17T08:52:24+00:00\",\"dateModified\":\"2025-12-29T14:45:23+00:00\",\"breadcrumb\":{\"@id\":\"https:\\\/\\\/mesdamesakbelles.com\\\/de\\\/impressum-mesdamesakbelles-com\\\/#breadcrumb\"},\"inLanguage\":\"de\",\"potentialAction\":[{\"@type\":\"ReadAction\",\"target\":[\"https:\\\/\\\/mesdamesakbelles.com\\\/de\\\/impressum-mesdamesakbelles-com\\\/\"]}]},{\"@type\":\"BreadcrumbList\",\"@id\":\"https:\\\/\\\/mesdamesakbelles.com\\\/de\\\/impressum-mesdamesakbelles-com\\\/#breadcrumb\",\"itemListElement\":[{\"@type\":\"ListItem\",\"position\":1,\"name\":\"Accueil\",\"item\":\"https:\\\/\\\/mesdamesakbelles.com\\\/de\\\/eleganz-in-voller-bescheidenheit\\\/\"},{\"@type\":\"ListItem\",\"position\":2,\"name\":\"IMPRESSUM \u2013 mesdamesakbelles.com\"}]},{\"@type\":\"WebSite\",\"@id\":\"https:\\\/\\\/mesdamesakbelles.com\\\/#website\",\"url\":\"https:\\\/\\\/mesdamesakbelles.com\\\/\",\"name\":\"mesdamesakbelles.com\",\"description\":\"\",\"potentialAction\":[{\"@type\":\"SearchAction\",\"target\":{\"@type\":\"EntryPoint\",\"urlTemplate\":\"https:\\\/\\\/mesdamesakbelles.com\\\/?s={search_term_string}\"},\"query-input\":{\"@type\":\"PropertyValueSpecification\",\"valueRequired\":true,\"valueName\":\"search_term_string\"}}],\"inLanguage\":\"de\"}]}<\/script>\n<!-- \/ Yoast SEO plugin. -->","yoast_head_json":{"title":"IMPRESSUM \u2013 mesdamesakbelles.com - mesdamesakbelles.com","robots":{"index":"index","follow":"follow","max-snippet":"max-snippet:-1","max-image-preview":"max-image-preview:large","max-video-preview":"max-video-preview:-1"},"canonical":"https:\/\/mesdamesakbelles.com\/de\/impressum-mesdamesakbelles-com\/","og_locale":"de_DE","og_type":"article","og_title":"IMPRESSUM \u2013 mesdamesakbelles.com - mesdamesakbelles.com","og_description":"(G\u00fcltige Fassung ab dem 17.11.2025) Website-Betreiber: Mesdames Akbelles Vereinfachte Aktiengesellschaft (SAS) mit einem Stammkapital von 500 \u20ac Firmensitz: 68200 M\u00fclhausen,","og_url":"https:\/\/mesdamesakbelles.com\/de\/impressum-mesdamesakbelles-com\/","og_site_name":"mesdamesakbelles.com","article_modified_time":"2025-12-29T14:45:23+00:00","twitter_card":"summary_large_image","twitter_misc":{"Gesch\u00e4tzte Lesezeit":"1\u00a0Minute"},"schema":{"@context":"https:\/\/schema.org","@graph":[{"@type":"WebPage","@id":"https:\/\/mesdamesakbelles.com\/de\/impressum-mesdamesakbelles-com\/","url":"https:\/\/mesdamesakbelles.com\/de\/impressum-mesdamesakbelles-com\/","name":"IMPRESSUM \u2013 mesdamesakbelles.com - mesdamesakbelles.com","isPartOf":{"@id":"https:\/\/mesdamesakbelles.com\/#website"},"datePublished":"2025-11-17T08:52:24+00:00","dateModified":"2025-12-29T14:45:23+00:00","breadcrumb":{"@id":"https:\/\/mesdamesakbelles.com\/de\/impressum-mesdamesakbelles-com\/#breadcrumb"},"inLanguage":"de","potentialAction":[{"@type":"ReadAction","target":["https:\/\/mesdamesakbelles.com\/de\/impressum-mesdamesakbelles-com\/"]}]},{"@type":"BreadcrumbList","@id":"https:\/\/mesdamesakbelles.com\/de\/impressum-mesdamesakbelles-com\/#breadcrumb","itemListElement":[{"@type":"ListItem","position":1,"name":"Accueil","item":"https:\/\/mesdamesakbelles.com\/de\/eleganz-in-voller-bescheidenheit\/"},{"@type":"ListItem","position":2,"name":"IMPRESSUM \u2013 mesdamesakbelles.com"}]},{"@type":"WebSite","@id":"https:\/\/mesdamesakbelles.com\/#website","url":"https:\/\/mesdamesakbelles.com\/","name":"mesdamesakbelles.com","description":"","potentialAction":[{"@type":"SearchAction","target":{"@type":"EntryPoint","urlTemplate":"https:\/\/mesdamesakbelles.com\/?s={search_term_string}"},"query-input":{"@type":"PropertyValueSpecification","valueRequired":true,"valueName":"search_term_string"}}],"inLanguage":"de"}]}},"_hostinger_reach_plugin_has_subscription_block":false,"_hostinger_reach_plugin_is_elementor":false,"jetpack_sharing_enabled":true,"_links":{"self":[{"href":"https:\/\/mesdamesakbelles.com\/de\/wp-json\/wp\/v2\/pages\/29755","targetHints":{"allow":["GET"]}}],"collection":[{"href":"https:\/\/mesdamesakbelles.com\/de\/wp-json\/wp\/v2\/pages"}],"about":[{"href":"https:\/\/mesdamesakbelles.com\/de\/wp-json\/wp\/v2\/types\/page"}],"author":[{"embeddable":true,"href":"https:\/\/mesdamesakbelles.com\/de\/wp-json\/wp\/v2\/users\/1"}],"replies":[{"embeddable":true,"href":"https:\/\/mesdamesakbelles.com\/de\/wp-json\/wp\/v2\/comments?post=29755"}],"version-history":[{"count":1,"href":"https:\/\/mesdamesakbelles.com\/de\/wp-json\/wp\/v2\/pages\/29755\/revisions"}],"predecessor-version":[{"id":29756,"href":"https:\/\/mesdamesakbelles.com\/de\/wp-json\/wp\/v2\/pages\/29755\/revisions\/29756"}],"wp:attachment":[{"href":"https:\/\/mesdamesakbelles.com\/de\/wp-json\/wp\/v2\/media?parent=29755"}],"curies":[{"name":"wp","href":"https:\/\/api.w.org\/{rel}","templated":true}]}}