{"id":29692,"date":"2021-10-12T15:51:09","date_gmt":"2021-10-12T15:51:09","guid":{"rendered":"https:\/\/mesdamesakbelles.com\/ueber-mesdames-akbelles\/"},"modified":"2025-12-29T14:13:31","modified_gmt":"2025-12-29T14:13:31","slug":"ueber-mesdames-akbelles","status":"publish","type":"page","link":"https:\/\/mesdamesakbelles.com\/de\/ueber-mesdames-akbelles\/","title":{"rendered":"\u00dcber Mesdames Akbelles"},"content":{"rendered":"\t\t<div data-elementor-type=\"wp-page\" data-elementor-id=\"29692\" class=\"elementor elementor-29692 elementor-4400\">\n\t\t\t\t<div class=\"wd-negative-gap elementor-element elementor-element-1c90c3f wd-section-stretch e-flex e-con-boxed e-con e-parent\" data-id=\"1c90c3f\" data-element_type=\"container\" data-e-type=\"container\" data-settings=\"{&quot;background_background&quot;:&quot;classic&quot;}\">\n\t\t\t\t\t<div class=\"e-con-inner\">\n\t\t\t\t<div class=\"elementor-element elementor-element-5d57672 elementor-widget__width-initial elementor-widget-tablet__width-inherit wd-width-100 elementor-widget elementor-widget-wd_title\" data-id=\"5d57672\" data-element_type=\"widget\" data-e-type=\"widget\" data-widget_type=\"wd_title.default\">\n\t\t\t\t<div class=\"elementor-widget-container\">\n\t\t\t\t\t\t\t<div class=\"title-wrapper wd-set-mb reset-last-child wd-title-color-primary wd-title-style-default wd-title-size-large text-left\">\n\n\t\t\t\n\t\t\t<div class=\"liner-continer\">\n\t\t\t\t<h4 class=\"woodmart-title-container title wd-fontsize-xxl\">\u00dcber Mesdames Akbelle\u2019s<\/h4> \n\t\t\t\t\t\t\t<\/div>\n\n\t\t\t\t\t<\/div>\n\t\t\t\t\t\t<\/div>\n\t\t\t\t<\/div>\n\t\t\t\t<div class=\"elementor-element elementor-element-9c05225 elementor-widget__width-initial elementor-widget elementor-widget-wd_infobox\" data-id=\"9c05225\" data-element_type=\"widget\" data-e-type=\"widget\" data-widget_type=\"wd_infobox.default\">\n\t\t\t\t<div class=\"elementor-widget-container\">\n\t\t\t\t\t\t\t<div class=\"info-box-wrapper\">\n\t\t\t<div class=\"wd-info-box text-left box-icon-align-top box-style-base color-scheme-\">\n\t\t\t\t\n\t\t\t\t<div class=\"info-box-content\">\n\t\t\t\t\t\n\t\t\t\t\t\t\t\t\t\t\t<h4\t\t\t\t\t\tclass=\"info-box-title title box-title-style-default wd-fontsize-m\" data-elementor-setting-key=\"title\">\n\t\t\t\t\t\t\t\t\ud83c\udf0d Unsere Vision\t\t\t\t\t\t<\/h4>\n\t\t\t\t\t\n\t\t\t\t\t<div class=\"info-box-inner reset-last-child\"data-elementor-setting-key=\"content\"><p data-start=\"2243\" data-end=\"2402\">Mesdames Akbelles ist nicht nur eine Boutique.<br data-start=\"2294\" data-end=\"2297\">Es ist eine Gemeinschaft bescheidener, starker und inspirierender Frauen \u2013 \u00fcberall in Frankreich und bald in ganz Europa.<\/p>\n<p data-start=\"2404\" data-end=\"2530\">Unsere Ambition: die Referenzboutique f\u00fcr moderne, schlichte Mode zu werden \u2013 elegant, frisch und f\u00fcr alle zug\u00e4nglich.<\/p>\n<\/div>\n\n\t\t\t\t\t\t\t\t\t<\/div>\n\n\t\t\t\t\t\t\t<\/div>\n\t\t<\/div>\n\t\t\t\t\t\t<\/div>\n\t\t\t\t<\/div>\n\t\t\t\t<div class=\"elementor-element elementor-element-ec30bde elementor-widget__width-initial elementor-widget elementor-widget-wd_infobox\" data-id=\"ec30bde\" data-element_type=\"widget\" data-e-type=\"widget\" data-widget_type=\"wd_infobox.default\">\n\t\t\t\t<div class=\"elementor-widget-container\">\n\t\t\t\t\t\t\t<div class=\"info-box-wrapper\">\n\t\t\t<div class=\"wd-info-box text-left box-icon-align-top box-style-base color-scheme-\">\n\t\t\t\t\n\t\t\t\t<div class=\"info-box-content\">\n\t\t\t\t\t\n\t\t\t\t\t\t\t\t\t\t\t<h4\t\t\t\t\t\tclass=\"info-box-title title box-title-style-default wd-fontsize-m\" data-elementor-setting-key=\"title\">\n\t\t\t\t\t\t\t\t\ud83d\udc8c Danke, dass du hier bist\t\t\t\t\t\t<\/h4>\n\t\t\t\t\t\n\t\t\t\t\t<div class=\"info-box-inner reset-last-child\"data-elementor-setting-key=\"content\"><p data-start=\"2564\" data-end=\"2720\">Jede Bestellung, jede Nachricht, jedes Like in unseren sozialen Netzwerken \u2026<br data-start=\"2625\" data-end=\"2628\">All das motiviert uns, noch mehr sch\u00f6ne St\u00fccke und einen noch besseren Service anzubieten.<\/p>\n<p data-start=\"2722\" data-end=\"2803\">Willkommen bei Mesdames Akbelles.<br data-start=\"2755\" data-end=\"2758\">Dein Stil. Deine Werte. Deine Eleganz.<\/p>\n<\/div>\n\n\t\t\t\t\t\t\t\t\t<\/div>\n\n\t\t\t\t\t\t\t<\/div>\n\t\t<\/div>\n\t\t\t\t\t\t<\/div>\n\t\t\t\t<\/div>\n\t\t\t\t\t<\/div>\n\t\t\t\t<\/div>\n\t\t<div class=\"wd-negative-gap elementor-element elementor-element-7c7c544 e-flex e-con-boxed e-con e-parent\" data-id=\"7c7c544\" data-element_type=\"container\" data-e-type=\"container\">\n\t\t\t\t\t<div class=\"e-con-inner\">\n\t\t<div class=\"elementor-element elementor-element-e7cb5cd e-con-full e-flex e-con e-child\" data-id=\"e7cb5cd\" data-element_type=\"container\" data-e-type=\"container\">\n\t\t\t\t<div class=\"elementor-element elementor-element-56aec39 elementor-widget elementor-widget-wd_image_or_svg\" data-id=\"56aec39\" data-element_type=\"widget\" data-e-type=\"widget\" data-widget_type=\"wd_image_or_svg.default\">\n\t\t\t\t<div class=\"elementor-widget-container\">\n\t\t\t\t\t\n\t\t<div class=\"wd-image text-left\">\n\t\t\t\t\t\t\t\t<img loading=\"lazy\" decoding=\"async\" width=\"1000\" height=\"1000\" src=\"https:\/\/mesdamesakbelles.com\/wp-content\/uploads\/2025\/11\/Qui-sommes-nous-Mesdames-Akbelles.jpg\" class=\"attachment-full size-full\" alt=\"Qui sommes nous Mesdames Akbelle&#039;s\" srcset=\"https:\/\/mesdamesakbelles.com\/wp-content\/uploads\/2025\/11\/Qui-sommes-nous-Mesdames-Akbelles.jpg 1000w, https:\/\/mesdamesakbelles.com\/wp-content\/uploads\/2025\/11\/Qui-sommes-nous-Mesdames-Akbelles-300x300.jpg 300w, https:\/\/mesdamesakbelles.com\/wp-content\/uploads\/2025\/11\/Qui-sommes-nous-Mesdames-Akbelles-800x800.jpg 800w, https:\/\/mesdamesakbelles.com\/wp-content\/uploads\/2025\/11\/Qui-sommes-nous-Mesdames-Akbelles-150x150.jpg 150w, https:\/\/mesdamesakbelles.com\/wp-content\/uploads\/2025\/11\/Qui-sommes-nous-Mesdames-Akbelles-768x768.jpg 768w, https:\/\/mesdamesakbelles.com\/wp-content\/uploads\/2025\/11\/Qui-sommes-nous-Mesdames-Akbelles-430x430.jpg 430w, https:\/\/mesdamesakbelles.com\/wp-content\/uploads\/2025\/11\/Qui-sommes-nous-Mesdames-Akbelles-700x700.jpg 700w\" sizes=\"auto, (max-width: 1000px) 100vw, 1000px\" \/>\t\t\t\t\t<\/div>\n\n\t\t\t\t\t\t<\/div>\n\t\t\t\t<\/div>\n\t\t\t\t<\/div>\n\t\t<div class=\"elementor-element elementor-element-97d6084 e-con-full e-flex e-con e-child\" data-id=\"97d6084\" data-element_type=\"container\" data-e-type=\"container\">\n\t\t\t\t<div class=\"elementor-element elementor-element-98d830b wd-width-100 elementor-widget elementor-widget-wd_title\" data-id=\"98d830b\" data-element_type=\"widget\" data-e-type=\"widget\" data-widget_type=\"wd_title.default\">\n\t\t\t\t<div class=\"elementor-widget-container\">\n\t\t\t\t\t\t\t<div class=\"title-wrapper wd-set-mb reset-last-child wd-title-color-primary wd-title-style-default wd-title-size-large text-left\">\n\n\t\t\t\n\t\t\t<div class=\"liner-continer\">\n\t\t\t\t<h4 class=\"woodmart-title-container title wd-fontsize-xxl\">\ud83c\udf19 Unsere Geschichte<\/h4> \n\t\t\t\t\t\t\t<\/div>\n\n\t\t\t\t\t<\/div>\n\t\t\t\t\t\t<\/div>\n\t\t\t\t<\/div>\n\t\t\t\t<div class=\"elementor-element elementor-element-66e47ad elementor-widget elementor-widget-wd_text_block\" data-id=\"66e47ad\" data-element_type=\"widget\" data-e-type=\"widget\" data-widget_type=\"wd_text_block.default\">\n\t\t\t\t<div class=\"elementor-widget-container\">\n\t\t\t\t\t\t\t<div class=\"wd-text-block reset-last-child text-left\">\n\t\t\t\n\t\t\t<p data-start=\"545\" data-end=\"752\">Mesdames Akbelle\u2019s entstand aus einer einfachen Idee: bescheidene Mode sch\u00f6n, zug\u00e4nglich und modern zu machen.<br data-start=\"647\" data-end=\"650\">Wir sind Freundinnen, die eine Leidenschaft f\u00fcr Eleganz, Wertebewusstsein und Stil im Alltag teilen.<\/p><p data-start=\"754\" data-end=\"1001\">Alles begann mit einem klaren Ziel: Kleidung anzubieten, die Bedeckung, Weiblichkeit und Komfort vereint \u2013 ohne Kompromisse.<br data-start=\"872\" data-end=\"875\">St\u00fccke, die man jeden Tag tragen kann, bei der Arbeit, beim Ausgehen oder zu besonderen Anl\u00e4ssen \u2013 immer mit Selbstvertrauen.<\/p>\n\t\t\t\t\t<\/div>\n\t\t\t\t\t\t<\/div>\n\t\t\t\t<\/div>\n\t\t<div class=\"elementor-element elementor-element-3eef7d8 e-con-full e-flex e-con e-child\" data-id=\"3eef7d8\" data-element_type=\"container\" data-e-type=\"container\">\n\t\t\t\t<div class=\"elementor-element elementor-element-cee0b0c elementor-widget__width-auto elementor-widget elementor-widget-wd_text_block\" data-id=\"cee0b0c\" data-element_type=\"widget\" data-e-type=\"widget\" data-widget_type=\"wd_text_block.default\">\n\t\t\t\t<div class=\"elementor-widget-container\">\n\t\t\t\t\t\t\t<div class=\"wd-text-block reset-last-child text-left\">\n\t\t\t\n\t\t\t<p>Elif &amp; Aysegul<\/p>\n\t\t\t\t\t<\/div>\n\t\t\t\t\t\t<\/div>\n\t\t\t\t<\/div>\n\t\t\t\t<div class=\"elementor-element elementor-element-ee232e9 elementor-widget__width-auto elementor-hidden-phone elementor-widget elementor-widget-wd_social_buttons\" data-id=\"ee232e9\" data-element_type=\"widget\" data-e-type=\"widget\" data-widget_type=\"wd_social_buttons.default\">\n\t\t\t\t<div class=\"elementor-widget-container\">\n\t\t\t\t\t\t\t\t<div\n\t\t\t\t\t\tclass=\" wd-social-icons wd-style-colored-alt wd-size-small social-share wd-shape-circle color-scheme-dark text-left\">\n\t\t\t\t\n\t\t\t\t\n\t\t\t\t\t\t\t\t\t<a rel=\"noopener noreferrer nofollow\" href=\"https:\/\/www.facebook.com\/sharer\/sharer.php?u=https:\/\/mesdamesakbelles.com\/de\/ueber-mesdames-akbelles\/\" target=\"_blank\" class=\" wd-social-icon social-facebook\" aria-label=\"Facebook social link\">\n\t\t\t\t\t\t<span class=\"wd-icon\"><\/span>\n\t\t\t\t\t\t\t\t\t\t\t<\/a>\n\t\t\t\t\n\t\t\t\t\t\t\t\t\t<a rel=\"noopener noreferrer nofollow\" href=\"https:\/\/x.com\/share?url=https:\/\/mesdamesakbelles.com\/de\/ueber-mesdames-akbelles\/\" target=\"_blank\" class=\" wd-social-icon social-twitter\" aria-label=\"X social link\">\n\t\t\t\t\t\t<span class=\"wd-icon\"><\/span>\n\t\t\t\t\t\t\t\t\t\t\t<\/a>\n\t\t\t\t\n\t\t\t\t\n\t\t\t\t\n\t\t\t\t\n\t\t\t\t\n\t\t\t\t\n\t\t\t\t\t\t\t\t\t<a rel=\"noopener noreferrer nofollow\" href=\"https:\/\/pinterest.com\/pin\/create\/button\/?url=https:\/\/mesdamesakbelles.com\/de\/ueber-mesdames-akbelles\/&#038;media=https:\/\/mesdamesakbelles.com\/wp-includes\/images\/media\/default.svg&#038;description=%C3%9Cber%20Mesdames%20Akbelles\" target=\"_blank\" class=\" wd-social-icon social-pinterest\" aria-label=\"Pinterest social link\">\n\t\t\t\t\t\t<span class=\"wd-icon\"><\/span>\n\t\t\t\t\t\t\t\t\t\t\t<\/a>\n\t\t\t\t\n\t\t\t\t\n\t\t\t\t\t\t\t\t\t<a rel=\"noopener noreferrer nofollow\" href=\"https:\/\/www.linkedin.com\/shareArticle?mini=true&#038;url=https:\/\/mesdamesakbelles.com\/de\/ueber-mesdames-akbelles\/\" target=\"_blank\" class=\" wd-social-icon social-linkedin\" aria-label=\"Linkedin social link\">\n\t\t\t\t\t\t<span class=\"wd-icon\"><\/span>\n\t\t\t\t\t\t\t\t\t\t\t<\/a>\n\t\t\t\t\n\t\t\t\t\n\t\t\t\t\n\t\t\t\t\n\t\t\t\t\n\t\t\t\t\n\t\t\t\t\n\t\t\t\t\n\t\t\t\t\n\t\t\t\t\n\t\t\t\t\n\t\t\t\t\n\t\t\t\t\n\t\t\t\t\n\t\t\t\t\n\t\t\t\t\t\t\t\t\t<a rel=\"noopener noreferrer nofollow\" href=\"https:\/\/telegram.me\/share\/url?url=https:\/\/mesdamesakbelles.com\/de\/ueber-mesdames-akbelles\/\" target=\"_blank\" class=\" wd-social-icon social-tg\" aria-label=\"Telegram social link\">\n\t\t\t\t\t\t<span class=\"wd-icon\"><\/span>\n\t\t\t\t\t\t\t\t\t\t\t<\/a>\n\t\t\t\t\n\t\t\t\t\n\t\t\t<\/div>\n\n\t\t\t\t\t\t<\/div>\n\t\t\t\t<\/div>\n\t\t\t\t<\/div>\n\t\t\t\t<\/div>\n\t\t\t\t\t<\/div>\n\t\t\t\t<\/div>\n\t\t<div class=\"wd-negative-gap elementor-element elementor-element-8481c26 e-flex e-con-boxed e-con e-parent\" data-id=\"8481c26\" data-element_type=\"container\" data-e-type=\"container\">\n\t\t\t\t\t<div class=\"e-con-inner\">\n\t\t\t\t<div class=\"elementor-element elementor-element-d66a211 wd-width-100 elementor-widget elementor-widget-wd_title\" data-id=\"d66a211\" data-element_type=\"widget\" data-e-type=\"widget\" data-widget_type=\"wd_title.default\">\n\t\t\t\t<div class=\"elementor-widget-container\">\n\t\t\t\t\t\t\t<div class=\"title-wrapper wd-set-mb reset-last-child wd-title-color-primary wd-title-style-default wd-title-size-large text-center\">\n\n\t\t\t\t\t\t\t\t\t\t\t<div class=\"title-subtitle subtitle-color-primary subtitle-style-default wd-fontsize-xs\">\n\t\t\t\t\t\u00dcber uns\t\t\t\t<\/div>\n\t\t\t\n\t\t\t<div class=\"liner-continer\">\n\t\t\t\t<h4 class=\"woodmart-title-container title wd-fontsize-xxl\">Elif &amp; Aysegul<\/h4> \n\t\t\t\t\t\t\t<\/div>\n\n\t\t\t\t\t\t\t<div class=\"title-after_title reset-last-child wd-fontsize-s\">\n\t\t\t\t\t<p>Bei Mesdames Akbelles ist unsere Mission klar:<br>\ud83d\udc49 Frauen elegante, hochwertige und bedeckende Mode zu fairen Preisen anzubieten.<br>Wir m\u00f6chten, dass sich jede Kundin sch\u00f6n, selbstbewusst und vollkommen im Einklang mit ihren Werten f\u00fchlt.<\/p>\t\t\t\t<\/div>\n\t\t\t\t\t<\/div>\n\t\t\t\t\t\t<\/div>\n\t\t\t\t<\/div>\n\t\t\t\t\t<\/div>\n\t\t\t\t<\/div>\n\t\t<div class=\"wd-negative-gap elementor-element elementor-element-f168c0a e-flex e-con-boxed e-con e-parent\" data-id=\"f168c0a\" data-element_type=\"container\" data-e-type=\"container\">\n\t\t\t\t\t<div class=\"e-con-inner\">\n\t\t<div class=\"elementor-element elementor-element-5642404 e-con-full e-flex e-con e-child\" data-id=\"5642404\" data-element_type=\"container\" data-e-type=\"container\">\n\t\t\t\t<div class=\"elementor-element elementor-element-3cc9380 wd-width-100 elementor-widget elementor-widget-wd_title\" data-id=\"3cc9380\" data-element_type=\"widget\" data-e-type=\"widget\" data-widget_type=\"wd_title.default\">\n\t\t\t\t<div class=\"elementor-widget-container\">\n\t\t\t\t\t\t\t<div class=\"title-wrapper wd-set-mb reset-last-child wd-title-color-default wd-title-style-default wd-title-size-default text-left\">\n\n\t\t\t\n\t\t\t<div class=\"liner-continer\">\n\t\t\t\t<h4 class=\"woodmart-title-container title wd-fontsize-l\">Was wir anbieten<\/h4> \n\t\t\t\t\t\t\t<\/div>\n\n\t\t\t\t\t<\/div>\n\t\t\t\t\t\t<\/div>\n\t\t\t\t<\/div>\n\t\t\t\t<div class=\"elementor-element elementor-element-6aa2027 elementor-widget elementor-widget-wd_text_block\" data-id=\"6aa2027\" data-element_type=\"widget\" data-e-type=\"widget\" data-widget_type=\"wd_text_block.default\">\n\t\t\t\t<div class=\"elementor-widget-container\">\n\t\t\t\t\t\t\t<div class=\"wd-text-block reset-last-child text-left\">\n\t\t\t\n\t\t\t<ul data-start=\"1316\" data-end=\"1669\"><li data-start=\"1316\" data-end=\"1382\"><p data-start=\"1318\" data-end=\"1382\">Oberteile, die f\u00fcr den Alltag und aktive Tage entworfen sind<\/p><\/li><li data-start=\"1383\" data-end=\"1455\"><p data-start=\"1385\" data-end=\"1455\">Bequeme, stilvolle Unterteile, die sich jeder Silhouette anpassen<\/p><\/li><li data-start=\"1456\" data-end=\"1527\"><p data-start=\"1458\" data-end=\"1527\">Aufeinander abgestimmte Sets f\u00fcr einen m\u00fchelosen Ready-to-wear-Look<\/p><\/li><li data-start=\"1528\" data-end=\"1593\"><p data-start=\"1530\" data-end=\"1593\">Jacken, Cardigans &amp; M\u00e4ntel, um Ihre Outfits stilvoll zu veredeln<\/p><\/li><li data-start=\"1594\" data-end=\"1669\"><p data-start=\"1596\" data-end=\"1669\">Hijabs, Schleier &amp; Schals, um Ihren Stil sanft zu vollenden<\/p><\/li><\/ul><p data-start=\"1671\" data-end=\"1807\">Jedes St\u00fcck wird sorgf\u00e4ltig ausgew\u00e4hlt:<br data-start=\"1712\" data-end=\"1715\">\u2714\ufe0f eleganter Schnitt<br data-start=\"1732\" data-end=\"1735\">\u2714\ufe0f angenehme Materialien<br data-start=\"1759\" data-end=\"1762\">\u2714\ufe0f trendige Farben<br data-start=\"1783\" data-end=\"1786\">\u2714\ufe0f zeitloser Stil<\/p>\n\t\t\t\t\t<\/div>\n\t\t\t\t\t\t<\/div>\n\t\t\t\t<\/div>\n\t\t\t\t<\/div>\n\t\t<div class=\"elementor-element elementor-element-b67633c e-con-full e-flex e-con e-child\" data-id=\"b67633c\" data-element_type=\"container\" data-e-type=\"container\">\n\t\t\t\t<div class=\"elementor-element elementor-element-5fcf642 wd-width-100 elementor-widget elementor-widget-wd_title\" data-id=\"5fcf642\" data-element_type=\"widget\" data-e-type=\"widget\" data-widget_type=\"wd_title.default\">\n\t\t\t\t<div class=\"elementor-widget-container\">\n\t\t\t\t\t\t\t<div class=\"title-wrapper wd-set-mb reset-last-child wd-title-color-default wd-title-style-default wd-title-size-default text-left\">\n\n\t\t\t\n\t\t\t<div class=\"liner-continer\">\n\t\t\t\t<h4 class=\"woodmart-title-container title wd-fontsize-l\">\ud83e\udd0d Unsere Werte<\/h4> \n\t\t\t\t\t\t\t<\/div>\n\n\t\t\t\t\t<\/div>\n\t\t\t\t\t\t<\/div>\n\t\t\t\t<\/div>\n\t\t\t\t<div class=\"elementor-element elementor-element-ffcd5eb elementor-widget elementor-widget-wd_text_block\" data-id=\"ffcd5eb\" data-element_type=\"widget\" data-e-type=\"widget\" data-widget_type=\"wd_text_block.default\">\n\t\t\t\t<div class=\"elementor-widget-container\">\n\t\t\t\t\t\t\t<div class=\"wd-text-block reset-last-child text-left\">\n\t\t\t\n\t\t\t<h3 data-start=\"1836\" data-end=\"1860\">\u2022 Modeste Eleganz<\/h3><p data-start=\"1861\" data-end=\"1926\">Sch\u00f6nheit in der Einfachheit.<br data-start=\"1890\" data-end=\"1893\">Bedeckung, ohne auf Stil zu verzichten.<\/p><h3 data-start=\"1928\" data-end=\"1949\">\u2022 Zug\u00e4nglichkeit<\/h3><p data-start=\"1950\" data-end=\"2021\">Wir glauben, dass jede Frau sch\u00f6ne und erschwingliche Kleidung verdient.<\/p><h3 data-start=\"2023\" data-end=\"2048\">\u2022 Qualit\u00e4t &amp; Komfort<\/h3><p data-start=\"2049\" data-end=\"2122\">Angenehme Materialien, durchdachte Schnitte und Modelle, die lange halten.<\/p><h3 data-start=\"2124\" data-end=\"2153\">\u2022 Vertrauen &amp; Ehrlichkeit<\/h3><p data-start=\"2154\" data-end=\"2213\">Zufriedene Kundinnen, transparente Preise und ein menschlicher Service.<\/p>\n\t\t\t\t\t<\/div>\n\t\t\t\t\t\t<\/div>\n\t\t\t\t<\/div>\n\t\t\t\t<\/div>\n\t\t\t\t\t<\/div>\n\t\t\t\t<\/div>\n\t\t\t\t<\/div>\n\t\t","protected":false},"excerpt":{"rendered":"<p>\u00dcber Mesdames Akbelle\u2019s \ud83c\udf0d Unsere Vision Mesdames Akbelles ist nicht nur eine Boutique.Es ist eine Gemeinschaft bescheidener, starker und inspirierender<\/p>\n","protected":false},"author":1,"featured_media":0,"parent":0,"menu_order":0,"comment_status":"closed","ping_status":"closed","template":"","meta":{"footnotes":""},"class_list":["post-29692","page","type-page","status-publish","hentry"],"yoast_head":"<!-- This site is optimized with the Yoast SEO plugin v27.5 - https:\/\/yoast.com\/product\/yoast-seo-wordpress\/ -->\n<title>\u00dcber Mesdames Akbelles - mesdamesakbelles.com<\/title>\n<meta name=\"robots\" content=\"index, follow, max-snippet:-1, max-image-preview:large, max-video-preview:-1\" \/>\n<link rel=\"canonical\" href=\"https:\/\/mesdamesakbelles.com\/de\/ueber-mesdames-akbelles\/\" \/>\n<meta property=\"og:locale\" content=\"de_DE\" \/>\n<meta property=\"og:type\" content=\"article\" \/>\n<meta property=\"og:title\" content=\"\u00dcber Mesdames Akbelles - mesdamesakbelles.com\" \/>\n<meta property=\"og:description\" content=\"\u00dcber Mesdames Akbelle\u2019s \ud83c\udf0d Unsere Vision Mesdames Akbelles ist nicht nur eine Boutique.Es ist eine Gemeinschaft bescheidener, starker und inspirierender\" \/>\n<meta property=\"og:url\" content=\"https:\/\/mesdamesakbelles.com\/de\/ueber-mesdames-akbelles\/\" \/>\n<meta property=\"og:site_name\" content=\"mesdamesakbelles.com\" \/>\n<meta property=\"article:modified_time\" content=\"2025-12-29T14:13:31+00:00\" \/>\n<meta property=\"og:image\" content=\"https:\/\/mesdamesakbelles.com\/wp-content\/uploads\/2025\/11\/Qui-sommes-nous-Mesdames-Akbelles.jpg\" \/>\n<meta name=\"twitter:card\" content=\"summary_large_image\" \/>\n<meta name=\"twitter:label1\" content=\"Gesch\u00e4tzte Lesezeit\" \/>\n\t<meta name=\"twitter:data1\" content=\"2\u00a0Minuten\" \/>\n<script type=\"application\/ld+json\" class=\"yoast-schema-graph\">{\"@context\":\"https:\\\/\\\/schema.org\",\"@graph\":[{\"@type\":\"WebPage\",\"@id\":\"https:\\\/\\\/mesdamesakbelles.com\\\/de\\\/ueber-mesdames-akbelles\\\/\",\"url\":\"https:\\\/\\\/mesdamesakbelles.com\\\/de\\\/ueber-mesdames-akbelles\\\/\",\"name\":\"\u00dcber Mesdames Akbelles - mesdamesakbelles.com\",\"isPartOf\":{\"@id\":\"https:\\\/\\\/mesdamesakbelles.com\\\/#website\"},\"primaryImageOfPage\":{\"@id\":\"https:\\\/\\\/mesdamesakbelles.com\\\/de\\\/ueber-mesdames-akbelles\\\/#primaryimage\"},\"image\":{\"@id\":\"https:\\\/\\\/mesdamesakbelles.com\\\/de\\\/ueber-mesdames-akbelles\\\/#primaryimage\"},\"thumbnailUrl\":\"https:\\\/\\\/mesdamesakbelles.com\\\/wp-content\\\/uploads\\\/2025\\\/11\\\/Qui-sommes-nous-Mesdames-Akbelles.jpg\",\"datePublished\":\"2021-10-12T15:51:09+00:00\",\"dateModified\":\"2025-12-29T14:13:31+00:00\",\"breadcrumb\":{\"@id\":\"https:\\\/\\\/mesdamesakbelles.com\\\/de\\\/ueber-mesdames-akbelles\\\/#breadcrumb\"},\"inLanguage\":\"de\",\"potentialAction\":[{\"@type\":\"ReadAction\",\"target\":[\"https:\\\/\\\/mesdamesakbelles.com\\\/de\\\/ueber-mesdames-akbelles\\\/\"]}]},{\"@type\":\"ImageObject\",\"inLanguage\":\"de\",\"@id\":\"https:\\\/\\\/mesdamesakbelles.com\\\/de\\\/ueber-mesdames-akbelles\\\/#primaryimage\",\"url\":\"https:\\\/\\\/mesdamesakbelles.com\\\/wp-content\\\/uploads\\\/2025\\\/11\\\/Qui-sommes-nous-Mesdames-Akbelles.jpg\",\"contentUrl\":\"https:\\\/\\\/mesdamesakbelles.com\\\/wp-content\\\/uploads\\\/2025\\\/11\\\/Qui-sommes-nous-Mesdames-Akbelles.jpg\"},{\"@type\":\"BreadcrumbList\",\"@id\":\"https:\\\/\\\/mesdamesakbelles.com\\\/de\\\/ueber-mesdames-akbelles\\\/#breadcrumb\",\"itemListElement\":[{\"@type\":\"ListItem\",\"position\":1,\"name\":\"Accueil\",\"item\":\"https:\\\/\\\/mesdamesakbelles.com\\\/de\\\/eleganz-in-voller-bescheidenheit\\\/\"},{\"@type\":\"ListItem\",\"position\":2,\"name\":\"\u00dcber Mesdames Akbelles\"}]},{\"@type\":\"WebSite\",\"@id\":\"https:\\\/\\\/mesdamesakbelles.com\\\/#website\",\"url\":\"https:\\\/\\\/mesdamesakbelles.com\\\/\",\"name\":\"mesdamesakbelles.com\",\"description\":\"\",\"potentialAction\":[{\"@type\":\"SearchAction\",\"target\":{\"@type\":\"EntryPoint\",\"urlTemplate\":\"https:\\\/\\\/mesdamesakbelles.com\\\/?s={search_term_string}\"},\"query-input\":{\"@type\":\"PropertyValueSpecification\",\"valueRequired\":true,\"valueName\":\"search_term_string\"}}],\"inLanguage\":\"de\"}]}<\/script>\n<!-- \/ Yoast SEO plugin. -->","yoast_head_json":{"title":"\u00dcber Mesdames Akbelles - mesdamesakbelles.com","robots":{"index":"index","follow":"follow","max-snippet":"max-snippet:-1","max-image-preview":"max-image-preview:large","max-video-preview":"max-video-preview:-1"},"canonical":"https:\/\/mesdamesakbelles.com\/de\/ueber-mesdames-akbelles\/","og_locale":"de_DE","og_type":"article","og_title":"\u00dcber Mesdames Akbelles - mesdamesakbelles.com","og_description":"\u00dcber Mesdames Akbelle\u2019s \ud83c\udf0d Unsere Vision Mesdames Akbelles ist nicht nur eine Boutique.Es ist eine Gemeinschaft bescheidener, starker und inspirierender","og_url":"https:\/\/mesdamesakbelles.com\/de\/ueber-mesdames-akbelles\/","og_site_name":"mesdamesakbelles.com","article_modified_time":"2025-12-29T14:13:31+00:00","og_image":[{"url":"https:\/\/mesdamesakbelles.com\/wp-content\/uploads\/2025\/11\/Qui-sommes-nous-Mesdames-Akbelles.jpg","type":"","width":"","height":""}],"twitter_card":"summary_large_image","twitter_misc":{"Gesch\u00e4tzte Lesezeit":"2\u00a0Minuten"},"schema":{"@context":"https:\/\/schema.org","@graph":[{"@type":"WebPage","@id":"https:\/\/mesdamesakbelles.com\/de\/ueber-mesdames-akbelles\/","url":"https:\/\/mesdamesakbelles.com\/de\/ueber-mesdames-akbelles\/","name":"\u00dcber Mesdames Akbelles - mesdamesakbelles.com","isPartOf":{"@id":"https:\/\/mesdamesakbelles.com\/#website"},"primaryImageOfPage":{"@id":"https:\/\/mesdamesakbelles.com\/de\/ueber-mesdames-akbelles\/#primaryimage"},"image":{"@id":"https:\/\/mesdamesakbelles.com\/de\/ueber-mesdames-akbelles\/#primaryimage"},"thumbnailUrl":"https:\/\/mesdamesakbelles.com\/wp-content\/uploads\/2025\/11\/Qui-sommes-nous-Mesdames-Akbelles.jpg","datePublished":"2021-10-12T15:51:09+00:00","dateModified":"2025-12-29T14:13:31+00:00","breadcrumb":{"@id":"https:\/\/mesdamesakbelles.com\/de\/ueber-mesdames-akbelles\/#breadcrumb"},"inLanguage":"de","potentialAction":[{"@type":"ReadAction","target":["https:\/\/mesdamesakbelles.com\/de\/ueber-mesdames-akbelles\/"]}]},{"@type":"ImageObject","inLanguage":"de","@id":"https:\/\/mesdamesakbelles.com\/de\/ueber-mesdames-akbelles\/#primaryimage","url":"https:\/\/mesdamesakbelles.com\/wp-content\/uploads\/2025\/11\/Qui-sommes-nous-Mesdames-Akbelles.jpg","contentUrl":"https:\/\/mesdamesakbelles.com\/wp-content\/uploads\/2025\/11\/Qui-sommes-nous-Mesdames-Akbelles.jpg"},{"@type":"BreadcrumbList","@id":"https:\/\/mesdamesakbelles.com\/de\/ueber-mesdames-akbelles\/#breadcrumb","itemListElement":[{"@type":"ListItem","position":1,"name":"Accueil","item":"https:\/\/mesdamesakbelles.com\/de\/eleganz-in-voller-bescheidenheit\/"},{"@type":"ListItem","position":2,"name":"\u00dcber Mesdames Akbelles"}]},{"@type":"WebSite","@id":"https:\/\/mesdamesakbelles.com\/#website","url":"https:\/\/mesdamesakbelles.com\/","name":"mesdamesakbelles.com","description":"","potentialAction":[{"@type":"SearchAction","target":{"@type":"EntryPoint","urlTemplate":"https:\/\/mesdamesakbelles.com\/?s={search_term_string}"},"query-input":{"@type":"PropertyValueSpecification","valueRequired":true,"valueName":"search_term_string"}}],"inLanguage":"de"}]}},"_hostinger_reach_plugin_has_subscription_block":false,"_hostinger_reach_plugin_is_elementor":false,"jetpack_sharing_enabled":true,"_links":{"self":[{"href":"https:\/\/mesdamesakbelles.com\/de\/wp-json\/wp\/v2\/pages\/29692","targetHints":{"allow":["GET"]}}],"collection":[{"href":"https:\/\/mesdamesakbelles.com\/de\/wp-json\/wp\/v2\/pages"}],"about":[{"href":"https:\/\/mesdamesakbelles.com\/de\/wp-json\/wp\/v2\/types\/page"}],"author":[{"embeddable":true,"href":"https:\/\/mesdamesakbelles.com\/de\/wp-json\/wp\/v2\/users\/1"}],"replies":[{"embeddable":true,"href":"https:\/\/mesdamesakbelles.com\/de\/wp-json\/wp\/v2\/comments?post=29692"}],"version-history":[{"count":1,"href":"https:\/\/mesdamesakbelles.com\/de\/wp-json\/wp\/v2\/pages\/29692\/revisions"}],"predecessor-version":[{"id":29693,"href":"https:\/\/mesdamesakbelles.com\/de\/wp-json\/wp\/v2\/pages\/29692\/revisions\/29693"}],"wp:attachment":[{"href":"https:\/\/mesdamesakbelles.com\/de\/wp-json\/wp\/v2\/media?parent=29692"}],"curies":[{"name":"wp","href":"https:\/\/api.w.org\/{rel}","templated":true}]}}